{"id":138,"date":"2023-05-04T20:27:55","date_gmt":"2023-05-04T18:27:55","guid":{"rendered":"https:\/\/www.golfaustria.at\/shop\/?post_type=product&#038;p=138"},"modified":"2023-05-10T15:22:23","modified_gmt":"2023-05-10T13:22:23","slug":"damen-softshell-jacke-maritim-black","status":"publish","type":"product","link":"https:\/\/www.golfaustria.at\/shop\/?product=damen-softshell-jacke-maritim-black","title":{"rendered":"Damen Softshell Jacke &#8222;Maritim&#8220; Black"},"content":{"rendered":"<p>Damen Softshell Jacke &#8222;Maritim&#8220; Material: 290g\/m\u00b2, 100% Polyester Stehkragen, abkn\u00f6pfbare Kapuze, elastische Kordel mit Stopper an Kapuze und Saum, Rei\u00dfverschl\u00fcsse und seitliches Band in Kontrastfarbe, 2 seitliche Taschen und 1 Brusttasche mit Rei\u00dfverschluss, N\u00e4hte nicht versiegelt, \u00c4rmelabschluss mit Strickb\u00fcndchen, Rei\u00dfverschluss zur Veredelung, wind- und wasserdicht (5.000mm Wassers\u00e4ule), atmungsaktiv und wasserdampfdurchl\u00e4ssig, leicht taillierter Schnitt<\/p>\n","protected":false},"excerpt":{"rendered":"<p>Damen Softshell Jacke &#8222;Maritim&#8220; Material: 290g\/m\u00b2, 100% Polyester Stehkragen, abkn\u00f6pfbare Kapuze, elastische Kordel mit Stopper an Kapuze und Saum, Rei\u00dfverschl\u00fcsse und seitliches Band in Kontrastfarbe, 2 seitliche Taschen und 1 Brusttasche mit Rei\u00dfverschluss, N\u00e4hte nicht versiegelt, \u00c4rmelabschluss mit Strickb\u00fcndchen, Rei\u00dfverschluss zur Veredelung, wind- und wasserdicht (5.000mm Wassers\u00e4ule), atmungsaktiv und wasserdampfdurchl\u00e4ssig, leicht taillierter Schnitt<\/p>\n","protected":false},"featured_media":16,"template":"","meta":{"_themeisle_gutenberg_block_has_review":false},"product_brand":[],"product_cat":[15],"product_tag":[],"class_list":{"0":"post-138","1":"product","2":"type-product","3":"status-publish","4":"has-post-thumbnail","6":"product_cat-unkategorisiert","8":"first","9":"instock","10":"shipping-taxable","11":"purchasable","12":"product-type-variable"},"_links":{"self":[{"href":"https:\/\/www.golfaustria.at\/shop\/index.php?rest_route=\/wp\/v2\/product\/138","targetHints":{"allow":["GET"]}}],"collection":[{"href":"https:\/\/www.golfaustria.at\/shop\/index.php?rest_route=\/wp\/v2\/product"}],"about":[{"href":"https:\/\/www.golfaustria.at\/shop\/index.php?rest_route=\/wp\/v2\/types\/product"}],"wp:featuredmedia":[{"embeddable":true,"href":"https:\/\/www.golfaustria.at\/shop\/index.php?rest_route=\/wp\/v2\/media\/16"}],"wp:attachment":[{"href":"https:\/\/www.golfaustria.at\/shop\/index.php?rest_route=%2Fwp%2Fv2%2Fmedia&parent=138"}],"wp:term":[{"taxonomy":"product_brand","embeddable":true,"href":"https:\/\/www.golfaustria.at\/shop\/index.php?rest_route=%2Fwp%2Fv2%2Fproduct_brand&post=138"},{"taxonomy":"product_cat","embeddable":true,"href":"https:\/\/www.golfaustria.at\/shop\/index.php?rest_route=%2Fwp%2Fv2%2Fproduct_cat&post=138"},{"taxonomy":"product_tag","embeddable":true,"href":"https:\/\/www.golfaustria.at\/shop\/index.php?rest_route=%2Fwp%2Fv2%2Fproduct_tag&post=138"}],"curies":[{"name":"wp","href":"https:\/\/api.w.org\/{rel}","templated":true}]}}