{"id":136,"date":"2023-05-04T20:25:21","date_gmt":"2023-05-04T18:25:21","guid":{"rendered":"https:\/\/www.golfaustria.at\/shop\/?post_type=product&#038;p=136"},"modified":"2023-05-10T15:23:55","modified_gmt":"2023-05-10T13:23:55","slug":"herren-hemd-kurzarm","status":"publish","type":"product","link":"https:\/\/www.golfaustria.at\/shop\/?product=herren-hemd-kurzarm","title":{"rendered":"Herren Hemd Kurzarm"},"content":{"rendered":"<p>Popeline Hemd kurzarm Farbe: Tomato Material: 105g\/m\u00b2, 65% Polyester, 35% Baumwolle Leicht tailliert, Brusttasche 12x14cm, abgerundeter Saum, R\u00fcckenfalten an R\u00fcckenpasse, Easy-Care Ausr\u00fcstung<\/p>\n","protected":false},"excerpt":{"rendered":"<p>Popeline Hemd kurzarm Farbe: Tomato Material: 105g\/m\u00b2, 65% Polyester, 35% Baumwolle Leicht tailliert, Brusttasche 12x14cm, abgerundeter Saum, R\u00fcckenfalten an R\u00fcckenpasse, Easy-Care Ausr\u00fcstung<\/p>\n","protected":false},"featured_media":15,"template":"","meta":{"_themeisle_gutenberg_block_has_review":false},"product_brand":[],"product_cat":[15],"product_tag":[],"class_list":{"0":"post-136","1":"product","2":"type-product","3":"status-publish","4":"has-post-thumbnail","6":"product_cat-unkategorisiert","8":"first","9":"instock","10":"shipping-taxable","11":"purchasable","12":"product-type-variable"},"_links":{"self":[{"href":"https:\/\/www.golfaustria.at\/shop\/index.php?rest_route=\/wp\/v2\/product\/136","targetHints":{"allow":["GET"]}}],"collection":[{"href":"https:\/\/www.golfaustria.at\/shop\/index.php?rest_route=\/wp\/v2\/product"}],"about":[{"href":"https:\/\/www.golfaustria.at\/shop\/index.php?rest_route=\/wp\/v2\/types\/product"}],"wp:featuredmedia":[{"embeddable":true,"href":"https:\/\/www.golfaustria.at\/shop\/index.php?rest_route=\/wp\/v2\/media\/15"}],"wp:attachment":[{"href":"https:\/\/www.golfaustria.at\/shop\/index.php?rest_route=%2Fwp%2Fv2%2Fmedia&parent=136"}],"wp:term":[{"taxonomy":"product_brand","embeddable":true,"href":"https:\/\/www.golfaustria.at\/shop\/index.php?rest_route=%2Fwp%2Fv2%2Fproduct_brand&post=136"},{"taxonomy":"product_cat","embeddable":true,"href":"https:\/\/www.golfaustria.at\/shop\/index.php?rest_route=%2Fwp%2Fv2%2Fproduct_cat&post=136"},{"taxonomy":"product_tag","embeddable":true,"href":"https:\/\/www.golfaustria.at\/shop\/index.php?rest_route=%2Fwp%2Fv2%2Fproduct_tag&post=136"}],"curies":[{"name":"wp","href":"https:\/\/api.w.org\/{rel}","templated":true}]}}