{"id":133,"date":"2023-05-04T20:22:55","date_gmt":"2023-05-04T18:22:55","guid":{"rendered":"https:\/\/www.golfaustria.at\/shop\/?post_type=product&#038;p=133"},"modified":"2023-05-10T15:24:34","modified_gmt":"2023-05-10T13:24:34","slug":"damenbluse-kurzarm","status":"publish","type":"product","link":"https:\/\/www.golfaustria.at\/shop\/?product=damenbluse-kurzarm","title":{"rendered":"Damenbluse Kurzarm"},"content":{"rendered":"<p>Farbe: Tomato Material: 105g\/m\u00b2, 65% Polyester, 35% Baumwolle Taillierter Schnitt, abgerundeter Saum, R\u00fcckenfalten an R\u00fcckenpasse, Easy-Care Ausr\u00fcstung<\/p>\n","protected":false},"excerpt":{"rendered":"<p>Farbe: Tomato Material: 105g\/m\u00b2, 65% Polyester, 35% Baumwolle Taillierter Schnitt, abgerundeter Saum, R\u00fcckenfalten an R\u00fcckenpasse, Easy-Care Ausr\u00fcstung<\/p>\n","protected":false},"featured_media":14,"template":"","meta":{"_themeisle_gutenberg_block_has_review":false},"product_brand":[],"product_cat":[15],"product_tag":[],"class_list":{"0":"post-133","1":"product","2":"type-product","3":"status-publish","4":"has-post-thumbnail","6":"product_cat-unkategorisiert","8":"first","9":"instock","10":"shipping-taxable","11":"purchasable","12":"product-type-variable"},"_links":{"self":[{"href":"https:\/\/www.golfaustria.at\/shop\/index.php?rest_route=\/wp\/v2\/product\/133","targetHints":{"allow":["GET"]}}],"collection":[{"href":"https:\/\/www.golfaustria.at\/shop\/index.php?rest_route=\/wp\/v2\/product"}],"about":[{"href":"https:\/\/www.golfaustria.at\/shop\/index.php?rest_route=\/wp\/v2\/types\/product"}],"wp:featuredmedia":[{"embeddable":true,"href":"https:\/\/www.golfaustria.at\/shop\/index.php?rest_route=\/wp\/v2\/media\/14"}],"wp:attachment":[{"href":"https:\/\/www.golfaustria.at\/shop\/index.php?rest_route=%2Fwp%2Fv2%2Fmedia&parent=133"}],"wp:term":[{"taxonomy":"product_brand","embeddable":true,"href":"https:\/\/www.golfaustria.at\/shop\/index.php?rest_route=%2Fwp%2Fv2%2Fproduct_brand&post=133"},{"taxonomy":"product_cat","embeddable":true,"href":"https:\/\/www.golfaustria.at\/shop\/index.php?rest_route=%2Fwp%2Fv2%2Fproduct_cat&post=133"},{"taxonomy":"product_tag","embeddable":true,"href":"https:\/\/www.golfaustria.at\/shop\/index.php?rest_route=%2Fwp%2Fv2%2Fproduct_tag&post=133"}],"curies":[{"name":"wp","href":"https:\/\/api.w.org\/{rel}","templated":true}]}}