{"id":118,"date":"2023-05-04T19:50:26","date_gmt":"2023-05-04T17:50:26","guid":{"rendered":"https:\/\/www.golfaustria.at\/shop\/?post_type=product&#038;p=118"},"modified":"2024-02-29T12:44:46","modified_gmt":"2024-02-29T11:44:46","slug":"gat-cap","status":"publish","type":"product","link":"https:\/\/www.golfaustria.at\/shop\/?product=gat-cap","title":{"rendered":"GAT &#8211; Cap"},"content":{"rendered":"<ul>\n<li><img decoding=\"async\" class=\"alignnone size-medium wp-image-119\" src=\"https:\/\/www.golfaustria.at\/shop\/wp-content\/uploads\/2023\/05\/blau_GAT1-266x300.jpg\" alt=\"\" width=\"266\" height=\"300\" srcset=\"https:\/\/www.golfaustria.at\/shop\/wp-content\/uploads\/2023\/05\/blau_GAT1-266x300.jpg 266w, https:\/\/www.golfaustria.at\/shop\/wp-content\/uploads\/2023\/05\/blau_GAT1-600x676.jpg 600w, https:\/\/www.golfaustria.at\/shop\/wp-content\/uploads\/2023\/05\/blau_GAT1-768x865.jpg 768w, https:\/\/www.golfaustria.at\/shop\/wp-content\/uploads\/2023\/05\/blau_GAT1.jpg 781w\" sizes=\"(max-width: 266px) 100vw, 266px\" \/>Klassische 5 Panel Sportkappe<\/li>\n<li>\u00c4u\u00dferst leicht und bequem<\/li>\n<li>Atmungsaktive Mesh-Eins\u00e4tze helfen, Sie k\u00fchl zu halten<\/li>\n<li>Gr\u00f6\u00dfenverstellbarer Klettverschluss<\/li>\n<li>100% schnell trocknendes Polyestermaterial<\/li>\n<\/ul>\n","protected":false},"excerpt":{"rendered":"<p>Klassische 5 Panel Sportkappe \u00c4u\u00dferst leicht und bequem Atmungsaktive Mesh-Eins\u00e4tze helfen, Sie k\u00fchl zu halten Gr\u00f6\u00dfenverstellbarer Klettverschluss 100% schnell trocknendes Polyestermaterial<\/p>\n","protected":false},"featured_media":119,"template":"","meta":{"_themeisle_gutenberg_block_has_review":false},"product_brand":[],"product_cat":[15],"product_tag":[],"class_list":{"0":"post-118","1":"product","2":"type-product","3":"status-publish","4":"has-post-thumbnail","6":"product_cat-unkategorisiert","8":"first","9":"instock","10":"shipping-taxable","11":"purchasable","12":"product-type-simple"},"_links":{"self":[{"href":"https:\/\/www.golfaustria.at\/shop\/index.php?rest_route=\/wp\/v2\/product\/118","targetHints":{"allow":["GET"]}}],"collection":[{"href":"https:\/\/www.golfaustria.at\/shop\/index.php?rest_route=\/wp\/v2\/product"}],"about":[{"href":"https:\/\/www.golfaustria.at\/shop\/index.php?rest_route=\/wp\/v2\/types\/product"}],"wp:featuredmedia":[{"embeddable":true,"href":"https:\/\/www.golfaustria.at\/shop\/index.php?rest_route=\/wp\/v2\/media\/119"}],"wp:attachment":[{"href":"https:\/\/www.golfaustria.at\/shop\/index.php?rest_route=%2Fwp%2Fv2%2Fmedia&parent=118"}],"wp:term":[{"taxonomy":"product_brand","embeddable":true,"href":"https:\/\/www.golfaustria.at\/shop\/index.php?rest_route=%2Fwp%2Fv2%2Fproduct_brand&post=118"},{"taxonomy":"product_cat","embeddable":true,"href":"https:\/\/www.golfaustria.at\/shop\/index.php?rest_route=%2Fwp%2Fv2%2Fproduct_cat&post=118"},{"taxonomy":"product_tag","embeddable":true,"href":"https:\/\/www.golfaustria.at\/shop\/index.php?rest_route=%2Fwp%2Fv2%2Fproduct_tag&post=118"}],"curies":[{"name":"wp","href":"https:\/\/api.w.org\/{rel}","templated":true}]}}